{"id":7015,"date":"2022-01-04T22:36:10","date_gmt":"2022-01-04T22:36:10","guid":{"rendered":"https:\/\/snowangelsforcheo.ca\/fr\/?page_id=7015"},"modified":"2022-02-13T02:58:24","modified_gmt":"2022-02-13T07:58:24","slug":"fundraising","status":"publish","type":"page","link":"https:\/\/snowangelsforcheo.ca\/fr\/fundraising\/","title":{"rendered":"Collecte de fonds"},"content":{"rendered":"\t\t<div data-elementor-type=\"wp-page\" data-elementor-id=\"7015\" class=\"elementor elementor-7015\" data-elementor-post-type=\"page\">\n\t\t\t\t\t\t<section class=\"elementor-section elementor-top-section elementor-element elementor-element-8607554 elementor-section-boxed elementor-section-height-default elementor-section-height-default\" data-id=\"8607554\" data-element_type=\"section\" data-e-type=\"section\">\n\t\t\t\t\t\t<div class=\"elementor-container elementor-column-gap-default\">\n\t\t\t\t\t<div class=\"elementor-column elementor-col-50 elementor-top-column elementor-element elementor-element-b4b5fc0\" data-id=\"b4b5fc0\" data-element_type=\"column\" data-e-type=\"column\" data-settings=\"{&quot;background_background&quot;:&quot;classic&quot;}\">\n\t\t\t<div class=\"elementor-widget-wrap elementor-element-populated\">\n\t\t\t\t\t<div class=\"elementor-background-overlay\"><\/div>\n\t\t\t\t\t\t<div class=\"elementor-element elementor-element-4cab789 elementor-widget elementor-widget-menu-anchor\" data-id=\"4cab789\" data-element_type=\"widget\" data-e-type=\"widget\" data-widget_type=\"menu-anchor.default\">\n\t\t\t\t<div class=\"elementor-widget-container\">\n\t\t\t\t\t\t\t<div class=\"elementor-menu-anchor\" id=\"fundraising\"><\/div>\n\t\t\t\t\t\t<\/div>\n\t\t\t\t<\/div>\n\t\t\t\t<div class=\"elementor-element elementor-element-4dcfdf6 elementor-widget elementor-widget-heading\" data-id=\"4dcfdf6\" data-element_type=\"widget\" data-e-type=\"widget\" data-widget_type=\"heading.default\">\n\t\t\t\t<div class=\"elementor-widget-container\">\n\t\t\t\t\t<h2 class=\"elementor-heading-title elementor-size-default\">Id\u00e9es de collecte<\/h2>\t\t\t\t<\/div>\n\t\t\t\t<\/div>\n\t\t\t\t<section class=\"elementor-section elementor-inner-section elementor-element elementor-element-e8c599d elementor-section-boxed elementor-section-height-default elementor-section-height-default\" data-id=\"e8c599d\" data-element_type=\"section\" data-e-type=\"section\" data-settings=\"{&quot;background_background&quot;:&quot;classic&quot;}\">\n\t\t\t\t\t\t\t<div class=\"elementor-background-overlay\"><\/div>\n\t\t\t\t\t\t\t<div class=\"elementor-container elementor-column-gap-default\">\n\t\t\t\t\t<div class=\"elementor-column elementor-col-100 elementor-inner-column elementor-element elementor-element-72e9ffa\" data-id=\"72e9ffa\" data-element_type=\"column\" data-e-type=\"column\">\n\t\t\t<div class=\"elementor-widget-wrap elementor-element-populated\">\n\t\t\t\t\t\t<div class=\"elementor-element elementor-element-8af55c2 elementor-widget elementor-widget-text-editor\" data-id=\"8af55c2\" data-element_type=\"widget\" data-e-type=\"widget\" data-widget_type=\"text-editor.default\">\n\t\t\t\t<div class=\"elementor-widget-container\">\n\t\t\t\t\t\t\t\t\t<p>Voici quelques id\u00e9es pour vous aider \u00e0 collecter des fonds pour atteindre votre objectif.<\/p>\t\t\t\t\t\t\t\t<\/div>\n\t\t\t\t<\/div>\n\t\t\t\t<div class=\"elementor-element elementor-element-c061c07 elementor-widget elementor-widget-heading\" data-id=\"c061c07\" data-element_type=\"widget\" data-e-type=\"widget\" data-widget_type=\"heading.default\">\n\t\t\t\t<div class=\"elementor-widget-container\">\n\t\t\t\t\t<h4 class=\"elementor-heading-title elementor-size-default\">Relevez le d\u00e9fi !!!<\/h4>\t\t\t\t<\/div>\n\t\t\t\t<\/div>\n\t\t\t\t<div class=\"elementor-element elementor-element-fb79236 elementor-widget elementor-widget-text-editor\" data-id=\"fb79236\" data-element_type=\"widget\" data-e-type=\"widget\" data-widget_type=\"text-editor.default\">\n\t\t\t\t<div class=\"elementor-widget-container\">\n\t\t\t\t\t\t\t\t\t<ul><li>Cr\u00e9ez un ange de neige apr\u00e8s une neige fra\u00eeche.<\/li><li>C&#8217;\u00e9tait notre initiative principale, donc continuons.<br \/>P.S. Habituellement, ce sont les femmes qui sont assez courageuses pour relever ce d\u00e9fi.\u00a0 HOMMES &#8211; allons-y ! !!<\/li><\/ul>\t\t\t\t\t\t\t\t<\/div>\n\t\t\t\t<\/div>\n\t\t\t\t<div class=\"elementor-element elementor-element-a0a2773 elementor-widget elementor-widget-heading\" data-id=\"a0a2773\" data-element_type=\"widget\" data-e-type=\"widget\" data-widget_type=\"heading.default\">\n\t\t\t\t<div class=\"elementor-widget-container\">\n\t\t\t\t\t<h4 class=\"elementor-heading-title elementor-size-default\">Cours en direct ou par vid\u00e9o<\/h4>\t\t\t\t<\/div>\n\t\t\t\t<\/div>\n\t\t\t\t<div class=\"elementor-element elementor-element-286e40e elementor-widget elementor-widget-text-editor\" data-id=\"286e40e\" data-element_type=\"widget\" data-e-type=\"widget\" data-widget_type=\"text-editor.default\">\n\t\t\t\t<div class=\"elementor-widget-container\">\n\t\t\t\t\t\t\t\t\t<p>Cr\u00e9ez un flux en direct sur Facebook ou YouTube de l&#8217;une des activit\u00e9s suivantes :<\/p><ul><li>Anges de neige en \u00e9quipe ou individuel (maillots de bain facultatifs)<\/li><li>Cours virtuel de yoga, de zumba, de guitare, de cuisine, etc.<ul><li>Puisque vous \u00eates l&#8217;expert, vous pouvez demander aux spectateurs de faire un don afin de transformer cette activit\u00e9 en une occasion d&#8217;apprendre dans un but pr\u00e9cis.<\/li><\/ul><\/li><\/ul>\t\t\t\t\t\t\t\t<\/div>\n\t\t\t\t<\/div>\n\t\t\t\t<div class=\"elementor-element elementor-element-af53244 elementor-widget elementor-widget-heading\" data-id=\"af53244\" data-element_type=\"widget\" data-e-type=\"widget\" data-widget_type=\"heading.default\">\n\t\t\t\t<div class=\"elementor-widget-container\">\n\t\t\t\t\t<h4 class=\"elementor-heading-title elementor-size-default\">D'autres id\u00e9es sont \u00e0 venir... aidez-nous en proposant des id\u00e9es<\/h4>\t\t\t\t<\/div>\n\t\t\t\t<\/div>\n\t\t\t\t<div class=\"elementor-element elementor-element-ad9daa5 elementor-widget elementor-widget-text-editor\" data-id=\"ad9daa5\" data-element_type=\"widget\" data-e-type=\"widget\" data-widget_type=\"text-editor.default\">\n\t\t\t\t<div class=\"elementor-widget-container\">\n\t\t\t\t\t\t\t\t\t<p>Avez-vous des id\u00e9es pour la collecte de fonds ?<\/p><p>Contactez-nous et faites-nous part de votre suggestion.<\/p>\t\t\t\t\t\t\t\t<\/div>\n\t\t\t\t<\/div>\n\t\t\t\t\t<\/div>\n\t\t<\/div>\n\t\t\t\t\t<\/div>\n\t\t<\/section>\n\t\t\t\t\t<\/div>\n\t\t<\/div>\n\t\t\t\t<div class=\"elementor-column elementor-col-50 elementor-top-column elementor-element elementor-element-0d6cb4a\" data-id=\"0d6cb4a\" data-element_type=\"column\" data-e-type=\"column\">\n\t\t\t<div class=\"elementor-widget-wrap elementor-element-populated\">\n\t\t\t\t\t\t<div class=\"elementor-element elementor-element-52a1fa4 elementor-widget elementor-widget-heading\" data-id=\"52a1fa4\" data-element_type=\"widget\" data-e-type=\"widget\" data-widget_type=\"heading.default\">\n\t\t\t\t<div class=\"elementor-widget-container\">\n\t\t\t\t\t<h2 class=\"elementor-heading-title elementor-size-default\">Pas encore inscrit ?<\/h2>\t\t\t\t<\/div>\n\t\t\t\t<\/div>\n\t\t\t\t<div class=\"elementor-element elementor-element-9b846f8 elementor-widget elementor-widget-heading\" data-id=\"9b846f8\" data-element_type=\"widget\" data-e-type=\"widget\" data-widget_type=\"heading.default\">\n\t\t\t\t<div class=\"elementor-widget-container\">\n\t\t\t\t\t<h3 class=\"elementor-heading-title elementor-size-default\">Enregistrement :<\/h3>\t\t\t\t<\/div>\n\t\t\t\t<\/div>\n\t\t\t\t<div class=\"elementor-element elementor-element-4f3b6b0 elementor-widget elementor-widget-text-editor\" data-id=\"4f3b6b0\" data-element_type=\"widget\" data-e-type=\"widget\" data-widget_type=\"text-editor.default\">\n\t\t\t\t<div class=\"elementor-widget-container\">\n\t\t\t\t\t\t\t\t\t<ul><li><a href=\"https:\/\/cheofoundation.donordrive.com\/index.cfm?fuseaction=register.start&amp;eventID=744\" target=\"_blank\" rel=\"noopener\">Participez seul :<\/a><ul><li>Inscrivez-vous seul en s\u00e9lectionnant &#8220;Individuel&#8221;.<\/li><li>Fixez un objectif de collecte de fonds<\/li><li>Lancer la collecte de fonds<\/li><\/ul><\/li><li><a href=\"https:\/\/cheofoundation.donordrive.com\/index.cfm?fuseaction=register.start&amp;eventID=744\" target=\"_blank\" rel=\"noopener\">Formez une \u00e9quipe :<\/a><ul><li>Rassemblez vos amis, vos coll\u00e8gues et les membres de votre famille pour vous amuser et relever le d\u00e9fi de faire des anges de neige.<\/li><li>Nommez un capitaine d&#8217;\u00e9quipe et d\u00e9terminez un objectif de collecte de fonds pour l&#8217;\u00e9quipe.<\/li><li>Le capitaine de l&#8217;\u00e9quipe inscrira l&#8217;\u00e9quipe<strong>.<\/strong><ul><li>S\u00e9lectionnez &#8220;Cr\u00e9er une \u00e9quipe&#8221;<\/li><li>S\u00e9lectionnez votre type d&#8217;\u00e9quipe :\u00a0 \u00ab \u00c9quipe amis et famille\u00a0\u00bb ou\u00a0 \u00a0 \u00a0\u00ab \u00c9quipe lieu de travail \u00bb.<\/li><\/ul><\/li><li>Tous les membres de l&#8217;\u00e9quipe doivent s&#8217;inscrire et s\u00e9lectionner \u00ab\u00a0pour rejoindre l&#8217;\u00e9quipe \u00bb<\/li><li>Commencez \u00e0 collecter des fonds en tant qu&#8217;\u00e9quipe et individuellement. Tous les fonds collect\u00e9s par les membres individuels de l&#8217;\u00e9quipe comptent pour le total de l&#8217;\u00e9quipe !<\/li><li>Recrutez des membres pour rejoindre votre \u00e9quipe.<\/li><\/ul><\/li><\/ul>\t\t\t\t\t\t\t\t<\/div>\n\t\t\t\t<\/div>\n\t\t\t\t<div class=\"elementor-element elementor-element-6e2fa57 elementor-widget elementor-widget-heading\" data-id=\"6e2fa57\" data-element_type=\"widget\" data-e-type=\"widget\" data-widget_type=\"heading.default\">\n\t\t\t\t<div class=\"elementor-widget-container\">\n\t\t\t\t\t<h3 class=\"elementor-heading-title elementor-size-default\">Conseils :<\/h3>\t\t\t\t<\/div>\n\t\t\t\t<\/div>\n\t\t\t\t<div class=\"elementor-element elementor-element-f9ac41b elementor-widget elementor-widget-toggle\" data-id=\"f9ac41b\" data-element_type=\"widget\" data-e-type=\"widget\" data-widget_type=\"toggle.default\">\n\t\t\t\t<div class=\"elementor-widget-container\">\n\t\t\t\t\t\t\t<div class=\"elementor-toggle\">\n\t\t\t\t\t\t\t<div class=\"elementor-toggle-item\">\n\t\t\t\t\t<div id=\"elementor-tab-title-2611\" class=\"elementor-tab-title\" data-tab=\"1\" role=\"button\" aria-controls=\"elementor-tab-content-2611\" aria-expanded=\"false\">\n\t\t\t\t\t\t\t\t\t\t\t\t<span class=\"elementor-toggle-icon elementor-toggle-icon-left\" aria-hidden=\"true\">\n\t\t\t\t\t\t\t\t\t\t\t\t\t\t\t<span class=\"elementor-toggle-icon-closed\"><i class=\"fas fa-caret-right\"><\/i><\/span>\n\t\t\t\t\t\t\t\t<span class=\"elementor-toggle-icon-opened\"><i class=\"elementor-toggle-icon-opened fas fa-caret-up\"><\/i><\/span>\n\t\t\t\t\t\t\t\t\t\t\t\t\t<\/span>\n\t\t\t\t\t\t\t\t\t\t\t\t<a class=\"elementor-toggle-title\" tabindex=\"0\">Fixer un objectif de collecte de fonds<\/a>\n\t\t\t\t\t<\/div>\n\n\t\t\t\t\t<div id=\"elementor-tab-content-2611\" class=\"elementor-tab-content elementor-clearfix\" data-tab=\"1\" role=\"region\" aria-labelledby=\"elementor-tab-title-2611\"><p>Votre objectif doit \u00eatre quelque chose avec lequel vous \u00eates \u00e0 l&#8217;aise. Vous pouvez toujours le modifier.\u00a0 Notez que de nombreux dons sont faits \u00e0 la derni\u00e8re minute, car les gens sont press\u00e9s d&#8217;atteindre l&#8217;objectif et veulent vous aider.<\/p><p>Pour les particuliers, nous recommandons de fixer un objectif de d\u00e9part de 250 \u00e0 1000 $.\u00a0<\/p><p>Pour les \u00e9quipes, nous recommandons de fixer un objectif de d\u00e9part compris entre 500 et 1 500 dollars.<\/p><\/div>\n\t\t\t\t<\/div>\n\t\t\t\t\t\t\t<div class=\"elementor-toggle-item\">\n\t\t\t\t\t<div id=\"elementor-tab-title-2612\" class=\"elementor-tab-title\" data-tab=\"2\" role=\"button\" aria-controls=\"elementor-tab-content-2612\" aria-expanded=\"false\">\n\t\t\t\t\t\t\t\t\t\t\t\t<span class=\"elementor-toggle-icon elementor-toggle-icon-left\" aria-hidden=\"true\">\n\t\t\t\t\t\t\t\t\t\t\t\t\t\t\t<span class=\"elementor-toggle-icon-closed\"><i class=\"fas fa-caret-right\"><\/i><\/span>\n\t\t\t\t\t\t\t\t<span class=\"elementor-toggle-icon-opened\"><i class=\"elementor-toggle-icon-opened fas fa-caret-up\"><\/i><\/span>\n\t\t\t\t\t\t\t\t\t\t\t\t\t<\/span>\n\t\t\t\t\t\t\t\t\t\t\t\t<a class=\"elementor-toggle-title\" tabindex=\"0\">Personnalisez votre page<\/a>\n\t\t\t\t\t<\/div>\n\n\t\t\t\t\t<div id=\"elementor-tab-content-2612\" class=\"elementor-tab-content elementor-clearfix\" data-tab=\"2\" role=\"region\" aria-labelledby=\"elementor-tab-title-2612\"><p>Une fois inscrit, vous pouvez personnaliser votre page en comm\u00e9morant un \u00eatre cher, en rendant hommage \u00e0 une personne ou en expliquant pourquoi vous collectez des fonds.\u00a0 Personnalisez-la avec des photos et des vid\u00e9os.\u00a0\u00a0<\/p><\/div>\n\t\t\t\t<\/div>\n\t\t\t\t\t\t\t<div class=\"elementor-toggle-item\">\n\t\t\t\t\t<div id=\"elementor-tab-title-2613\" class=\"elementor-tab-title\" data-tab=\"3\" role=\"button\" aria-controls=\"elementor-tab-content-2613\" aria-expanded=\"false\">\n\t\t\t\t\t\t\t\t\t\t\t\t<span class=\"elementor-toggle-icon elementor-toggle-icon-left\" aria-hidden=\"true\">\n\t\t\t\t\t\t\t\t\t\t\t\t\t\t\t<span class=\"elementor-toggle-icon-closed\"><i class=\"fas fa-caret-right\"><\/i><\/span>\n\t\t\t\t\t\t\t\t<span class=\"elementor-toggle-icon-opened\"><i class=\"elementor-toggle-icon-opened fas fa-caret-up\"><\/i><\/span>\n\t\t\t\t\t\t\t\t\t\t\t\t\t<\/span>\n\t\t\t\t\t\t\t\t\t\t\t\t<a class=\"elementor-toggle-title\" tabindex=\"0\">Faites passer le message<\/a>\n\t\t\t\t\t<\/div>\n\n\t\t\t\t\t<div id=\"elementor-tab-content-2613\" class=\"elementor-tab-content elementor-clearfix\" data-tab=\"3\" role=\"region\" aria-labelledby=\"elementor-tab-title-2613\">Une fois que vous avez personnalis\u00e9 votre page, partagez le lien vers votre page avec vos amis, votre famille et vos coll\u00e8gues pour qu&#8217;ils puissent facilement vous soutenir par un don. De plus, il existe de nombreuses fa\u00e7ons amusantes d&#8217;atteindre votre objectif de collecte de fonds&#8230; voir <a href=\"#fundraising\">Id\u00e9es de collecte<\/a>.<\/div>\n\t\t\t\t<\/div>\n\t\t\t\t\t\t\t\t<\/div>\n\t\t\t\t\t\t<\/div>\n\t\t\t\t<\/div>\n\t\t\t\t\t<\/div>\n\t\t<\/div>\n\t\t\t\t\t<\/div>\n\t\t<\/section>\n\t\t\t\t<\/div>\n\t\t","protected":false},"excerpt":{"rendered":"<p>Id\u00e9es de collecte Voici quelques id\u00e9es pour vous aider \u00e0 collecter des fonds pour atteindre votre objectif. Relevez le d\u00e9fi !!! Cr\u00e9ez un ange de neige apr\u00e8s une neige fra\u00eeche. C&#8217;\u00e9tait notre initiative principale, donc continuons.P.S. Habituellement, ce sont les femmes qui sont assez courageuses pour relever ce d\u00e9fi.\u00a0 HOMMES &#8211; allons-y ! !! Cours [&hellip;]<\/p>\n","protected":false},"author":1,"featured_media":0,"parent":0,"menu_order":0,"comment_status":"closed","ping_status":"closed","template":"","meta":{"footnotes":""},"class_list":["post-7015","page","type-page","status-publish","hentry"],"_links":{"self":[{"href":"https:\/\/snowangelsforcheo.ca\/fr\/wp-json\/wp\/v2\/pages\/7015","targetHints":{"allow":["GET"]}}],"collection":[{"href":"https:\/\/snowangelsforcheo.ca\/fr\/wp-json\/wp\/v2\/pages"}],"about":[{"href":"https:\/\/snowangelsforcheo.ca\/fr\/wp-json\/wp\/v2\/types\/page"}],"author":[{"embeddable":true,"href":"https:\/\/snowangelsforcheo.ca\/fr\/wp-json\/wp\/v2\/users\/1"}],"replies":[{"embeddable":true,"href":"https:\/\/snowangelsforcheo.ca\/fr\/wp-json\/wp\/v2\/comments?post=7015"}],"version-history":[{"count":0,"href":"https:\/\/snowangelsforcheo.ca\/fr\/wp-json\/wp\/v2\/pages\/7015\/revisions"}],"wp:attachment":[{"href":"https:\/\/snowangelsforcheo.ca\/fr\/wp-json\/wp\/v2\/media?parent=7015"}],"curies":[{"name":"wp","href":"https:\/\/api.w.org\/{rel}","templated":true}]}}